{"id":19,"date":"2021-02-22T08:03:22","date_gmt":"2021-02-22T08:03:22","guid":{"rendered":"https:\/\/www.ecowt.li\/impressum\/"},"modified":"2021-03-24T09:17:16","modified_gmt":"2021-03-24T09:17:16","slug":"impressum","status":"publish","type":"page","link":"https:\/\/www.ecowt.li\/de\/impressum\/","title":{"rendered":"Impressum"},"content":{"rendered":"\n<h1 class=\"wp-block-heading\">Impressum<\/h1>\n\n\n\n<p><strong>F\u00fcr den Inhalt verantwortlich<\/strong><\/p>\n\n\n\n<p>Eco Wirtschaftstreuhand Anstalt<br>Drechslergass 1<br>Postfach 1111<br>9490 Vaduz<br>Liechtenstein<\/p>\n\n\n\n<p>Tel. +423 235 51 70<br>Fax +423 235 51 80<br>office@ecowt.li<\/p>\n\n\n\n<p>MWSt-Nr.: 56345<br>Firmennummer: FL-0002.181.432-9<br>\u00d6ffentlichkeitsregister des F\u00fcrstentum Liechtenstein<br>Gerichtsstand: Vaduz<\/p>\n\n\n\n<p>Mitglied der Liechtensteinischen Treuh\u00e4ndervereinigung<\/p>\n\n\n\n<h2 class=\"wp-block-heading\">Haftung f\u00fcr Inhalte<\/h2>\n\n\n\n<p>Die Inhalte dieser Seiten werden mit gr\u00f6\u00dfter Sorgfalt erstellt. F\u00fcr Richtigkeit, Vollst\u00e4ndigkeit und Aktualit\u00e4t dieser Inhalte kann jedoch keine Haftung \u00fcbernommen werden.<\/p>\n\n\n\n<h2 class=\"wp-block-heading\">Internetl\u00f6sung<\/h2>\n\n\n\n<div class=\"wp-block-image\"><figure class=\"alignright size-large\"><a href=\"https:\/\/www.creativemedia.li\/\" target=\"_blank\" rel=\"noopener\"><img decoding=\"async\" width=\"267\" height=\"33\" src=\"https:\/\/www.ecowt.li\/wp-content\/uploads\/2021\/02\/logo-creativemedia-ag.png\" alt=\"\" class=\"wp-image-342\"\/><\/a><\/figure><\/div>\n\n\n\n<p>creative<strong>media<\/strong> AG <br>Im alten Riet 153<br>9494 Schaan<br>Liechtenstein<br><a rel=\"noreferrer noopener\" href=\"https:\/\/www.creativemedia.li\/\" target=\"_blank\">www.creativemedia.li<\/a><\/p>\n","protected":false},"excerpt":{"rendered":"<p>Impressum F\u00fcr den Inhalt verantwortlich Eco Wirtschaftstreuhand AnstaltDrechslergass 1Postfach 11119490 VaduzLiechtenstein Tel. +423 235 51 70Fax +423 235 51 80office@ecowt.li MWSt-Nr.: 56345Firmennummer: FL-0002.181.432-9\u00d6ffentlichkeitsregister des F\u00fcrstentum LiechtensteinGerichtsstand: Vaduz Mitglied der Liechtensteinischen Treuh\u00e4ndervereinigung Haftung f\u00fcr Inhalte Die Inhalte dieser Seiten werden mit gr\u00f6\u00dfter Sorgfalt erstellt. F\u00fcr Richtigkeit, Vollst\u00e4ndigkeit und Aktualit\u00e4t dieser Inhalte kann jedoch keine Haftung \u00fcbernommen [&hellip;]<\/p>\n","protected":false},"author":1,"featured_media":0,"parent":0,"menu_order":8,"comment_status":"closed","ping_status":"closed","template":"","meta":{"_seopress_robots_primary_cat":"","_seopress_titles_title":"Impressum Eco Wirtschaftstreuhand Anstalt","_seopress_titles_desc":"                                    ","_seopress_robots_index":"yes","site-sidebar-layout":"default","site-content-layout":"content-boxed-container","ast-site-content-layout":"default","site-content-style":"default","site-sidebar-style":"default","ast-global-header-display":"","ast-banner-title-visibility":"","ast-main-header-display":"","ast-hfb-above-header-display":"","ast-hfb-below-header-display":"","ast-hfb-mobile-header-display":"","site-post-title":"disabled","ast-breadcrumbs-content":"","ast-featured-img":"","footer-sml-layout":"","ast-disable-related-posts":"","theme-transparent-header-meta":"default","adv-header-id-meta":"","stick-header-meta":"","header-above-stick-meta":"","header-main-stick-meta":"","header-below-stick-meta":"","astra-migrate-meta-layouts":"default","ast-page-background-enabled":"default","ast-page-background-meta":{"desktop":{"background-color":"","background-image":"","background-repeat":"repeat","background-position":"center center","background-size":"auto","background-attachment":"scroll","background-type":"","background-media":"","overlay-type":"","overlay-color":"","overlay-opacity":"","overlay-gradient":""},"tablet":{"background-color":"","background-image":"","background-repeat":"repeat","background-position":"center center","background-size":"auto","background-attachment":"scroll","background-type":"","background-media":"","overlay-type":"","overlay-color":"","overlay-opacity":"","overlay-gradient":""},"mobile":{"background-color":"","background-image":"","background-repeat":"repeat","background-position":"center center","background-size":"auto","background-attachment":"scroll","background-type":"","background-media":"","overlay-type":"","overlay-color":"","overlay-opacity":"","overlay-gradient":""}},"ast-content-background-meta":{"desktop":{"background-color":"var(--ast-global-color-5)","background-image":"","background-repeat":"repeat","background-position":"center center","background-size":"auto","background-attachment":"scroll","background-type":"","background-media":"","overlay-type":"","overlay-color":"","overlay-opacity":"","overlay-gradient":""},"tablet":{"background-color":"var(--ast-global-color-5)","background-image":"","background-repeat":"repeat","background-position":"center center","background-size":"auto","background-attachment":"scroll","background-type":"","background-media":"","overlay-type":"","overlay-color":"","overlay-opacity":"","overlay-gradient":""},"mobile":{"background-color":"var(--ast-global-color-5)","background-image":"","background-repeat":"repeat","background-position":"center center","background-size":"auto","background-attachment":"scroll","background-type":"","background-media":"","overlay-type":"","overlay-color":"","overlay-opacity":"","overlay-gradient":""}},"footnotes":""},"class_list":["post-19","page","type-page","status-publish","hentry"],"_links":{"self":[{"href":"https:\/\/www.ecowt.li\/de\/wp-json\/wp\/v2\/pages\/19","targetHints":{"allow":["GET"]}}],"collection":[{"href":"https:\/\/www.ecowt.li\/de\/wp-json\/wp\/v2\/pages"}],"about":[{"href":"https:\/\/www.ecowt.li\/de\/wp-json\/wp\/v2\/types\/page"}],"author":[{"embeddable":true,"href":"https:\/\/www.ecowt.li\/de\/wp-json\/wp\/v2\/users\/1"}],"replies":[{"embeddable":true,"href":"https:\/\/www.ecowt.li\/de\/wp-json\/wp\/v2\/comments?post=19"}],"version-history":[{"count":0,"href":"https:\/\/www.ecowt.li\/de\/wp-json\/wp\/v2\/pages\/19\/revisions"}],"wp:attachment":[{"href":"https:\/\/www.ecowt.li\/de\/wp-json\/wp\/v2\/media?parent=19"}],"curies":[{"name":"wp","href":"https:\/\/api.w.org\/{rel}","templated":true}]}}