{"id":16,"date":"2021-02-22T08:03:22","date_gmt":"2021-02-22T08:03:22","guid":{"rendered":"https:\/\/www.ecowt.li\/fuerstentum-liechtenstein\/"},"modified":"2021-03-15T08:35:33","modified_gmt":"2021-03-15T08:35:33","slug":"fuerstentum-liechtenstein","status":"publish","type":"page","link":"https:\/\/www.ecowt.li\/de\/fuerstentum-liechtenstein\/","title":{"rendered":"F\u00fcrstentum Liechtenstein"},"content":{"rendered":"\t\t<div data-elementor-type=\"wp-page\" data-elementor-id=\"16\" class=\"elementor elementor-16\" data-elementor-post-type=\"page\">\n\t\t\t\t\t\t<section class=\"elementor-section elementor-top-section elementor-element elementor-element-7e19cf9 elementor-section-content-middle elementor-section-boxed elementor-section-height-default elementor-section-height-default\" data-id=\"7e19cf9\" data-element_type=\"section\" data-e-type=\"section\" data-settings=\"{&quot;background_background&quot;:&quot;classic&quot;}\">\n\t\t\t\t\t\t<div class=\"elementor-container elementor-column-gap-wide\">\n\t\t\t\t\t<div class=\"elementor-column elementor-col-50 elementor-top-column elementor-element elementor-element-b6b4211\" data-id=\"b6b4211\" data-element_type=\"column\" data-e-type=\"column\">\n\t\t\t<div class=\"elementor-widget-wrap elementor-element-populated\">\n\t\t\t\t\t\t<section class=\"elementor-section elementor-inner-section elementor-element elementor-element-408b0f1 elementor-section-boxed elementor-section-height-default elementor-section-height-default\" data-id=\"408b0f1\" data-element_type=\"section\" data-e-type=\"section\" data-settings=\"{&quot;background_background&quot;:&quot;classic&quot;}\">\n\t\t\t\t\t\t\t<div class=\"elementor-background-overlay\"><\/div>\n\t\t\t\t\t\t\t<div class=\"elementor-container elementor-column-gap-default\">\n\t\t\t\t\t<div class=\"elementor-column elementor-col-100 elementor-inner-column elementor-element elementor-element-882742f\" data-id=\"882742f\" data-element_type=\"column\" data-e-type=\"column\">\n\t\t\t<div class=\"elementor-widget-wrap elementor-element-populated\">\n\t\t\t\t\t\t<div class=\"elementor-element elementor-element-2cb135c elementor-widget elementor-widget-spacer\" data-id=\"2cb135c\" data-element_type=\"widget\" data-e-type=\"widget\" data-widget_type=\"spacer.default\">\n\t\t\t\t<div class=\"elementor-widget-container\">\n\t\t\t\t\t\t\t<div class=\"elementor-spacer\">\n\t\t\t<div class=\"elementor-spacer-inner\"><\/div>\n\t\t<\/div>\n\t\t\t\t\t\t<\/div>\n\t\t\t\t<\/div>\n\t\t\t\t\t<\/div>\n\t\t<\/div>\n\t\t\t\t\t<\/div>\n\t\t<\/section>\n\t\t\t\t\t<\/div>\n\t\t<\/div>\n\t\t\t\t<div class=\"elementor-column elementor-col-50 elementor-top-column elementor-element elementor-element-1486556\" data-id=\"1486556\" data-element_type=\"column\" data-e-type=\"column\">\n\t\t\t<div class=\"elementor-widget-wrap elementor-element-populated\">\n\t\t\t\t\t\t<div class=\"elementor-element elementor-element-c7f237f elementor-widget elementor-widget-heading\" data-id=\"c7f237f\" data-element_type=\"widget\" data-e-type=\"widget\" data-widget_type=\"heading.default\">\n\t\t\t\t<div class=\"elementor-widget-container\">\n\t\t\t\t\t<h1 class=\"elementor-heading-title elementor-size-default\">Das F\u00fcrstentum Liechtenstein<\/h1>\t\t\t\t<\/div>\n\t\t\t\t<\/div>\n\t\t\t\t<div class=\"elementor-element elementor-element-0246f3a elementor-widget elementor-widget-text-editor\" data-id=\"0246f3a\" data-element_type=\"widget\" data-e-type=\"widget\" data-widget_type=\"text-editor.default\">\n\t\t\t\t<div class=\"elementor-widget-container\">\n\t\t\t\t\t\t\t\t\t<p>Das F\u00fcrstentum Liechtenstein liegt im Zentrum Europas, eingebettet zwischen der Schweiz und \u00d6sterreich, am Ufer des Rheins.<\/p>\t\t\t\t\t\t\t\t<\/div>\n\t\t\t\t<\/div>\n\t\t\t\t\t<\/div>\n\t\t<\/div>\n\t\t\t\t\t<\/div>\n\t\t<\/section>\n\t\t\t\t<section class=\"elementor-section elementor-top-section elementor-element elementor-element-84b1d44 elementor-section-boxed elementor-section-height-default elementor-section-height-default\" data-id=\"84b1d44\" data-element_type=\"section\" data-e-type=\"section\" data-settings=\"{&quot;shape_divider_top&quot;:&quot;arrow&quot;}\">\n\t\t\t\t\t<div class=\"elementor-shape elementor-shape-top\" aria-hidden=\"true\" data-negative=\"false\">\n\t\t\t<svg xmlns=\"http:\/\/www.w3.org\/2000\/svg\" viewBox=\"0 0 700 10\" preserveAspectRatio=\"none\">\n\t<path class=\"elementor-shape-fill\" d=\"M350,10L340,0h20L350,10z\"\/>\n<\/svg>\t\t<\/div>\n\t\t\t\t\t<div class=\"elementor-container elementor-column-gap-wide\">\n\t\t\t\t\t<div class=\"elementor-column elementor-col-50 elementor-top-column elementor-element elementor-element-7db47cb\" data-id=\"7db47cb\" data-element_type=\"column\" data-e-type=\"column\">\n\t\t\t<div class=\"elementor-widget-wrap elementor-element-populated\">\n\t\t\t\t\t\t<div class=\"elementor-element elementor-element-78110f0 elementor-widget elementor-widget-text-editor\" data-id=\"78110f0\" data-element_type=\"widget\" data-e-type=\"widget\" data-widget_type=\"text-editor.default\">\n\t\t\t\t<div class=\"elementor-widget-container\">\n\t\t\t\t\t\t\t\t\t<p>Die Staatsform ist eine konstitutionelle Erbmonarchie auf demokratisch-parlamentarischer Grundlage. Staatsoberhaupt ist der regierende F\u00fcrst von und zu Liechtenstein, Hans-Adam II. Seit 15. August 2004 f\u00fchrt dessen Sohn, Erbprinz Alois, die Regierungsgesch\u00e4fte.<\/p><p>In 11 Gemeinden z\u00e4hlt man auf 160 km2 rund 38.000 Einwohner, davon sind ca. 34 % Ausl\u00e4nder. Die Amtssprache ist Deutsch.<\/p><p>Seit 1924 befindet sich das F\u00fcrstentum Liechtenstein in einer Zoll- und W\u00e4hrungsunion mit der Schweiz. Die amtliche W\u00e4hrung ist der Schweizer Franken (CHF). Weiters ist das F\u00fcrstentum Liechtenstein seit 1978 Mitglied des Europarates, seit 1990 Mitglied der UNO und seit 1995 Mitglied des Europ\u00e4ischen Wirtschaftsraums (EWR).<\/p><p>Die wichtigsten Wirtschaftssektoren sind die Industrie und der Dienstleistungssektor, die mit mehr als 94% zum Bruttoinlandsprodukt beitragen, allein 30% davon entfallen auf den Finanzdienstleistungssektor.<\/p>\t\t\t\t\t\t\t\t<\/div>\n\t\t\t\t<\/div>\n\t\t\t\t\t<\/div>\n\t\t<\/div>\n\t\t\t\t<div class=\"elementor-column elementor-col-50 elementor-top-column elementor-element elementor-element-4e8b849\" data-id=\"4e8b849\" data-element_type=\"column\" data-e-type=\"column\">\n\t\t\t<div class=\"elementor-widget-wrap elementor-element-populated\">\n\t\t\t\t\t\t<div class=\"elementor-element elementor-element-0a04fc7 elementor-widget elementor-widget-text-editor\" data-id=\"0a04fc7\" data-element_type=\"widget\" data-e-type=\"widget\" data-widget_type=\"text-editor.default\">\n\t\t\t\t<div class=\"elementor-widget-container\">\n\t\t\t\t\t\t\t\t\t<p>Der Finanzplatz Liechtenstein bietet seinen Kunden insbesondere nachfolgende Vorteile:<\/p><ul><li>liberal gestaltetes Gesellschaftsrecht,<\/li><li>modernes Steuerrecht,<\/li><li>sicheres wirtschaftliches und politisches Umfeld im Zentrum Europas,<\/li><li>hoher Ausbildungsstandard,<\/li><li>freier Kapitalverkehr und stabile W\u00e4hrung,<\/li><li>leistungsf\u00e4higes Bankensystem,<\/li><li>optimale Infrastruktur,<\/li><li>hohe Diskretion bei Einhaltung internationaler rechtlicher Standards im Bereich der Verhinderung von Geldw\u00e4scherei und organisierter Kriminalit\u00e4t.<\/li><\/ul>\t\t\t\t\t\t\t\t<\/div>\n\t\t\t\t<\/div>\n\t\t\t\t\t<\/div>\n\t\t<\/div>\n\t\t\t\t\t<\/div>\n\t\t<\/section>\n\t\t\t\t<\/div>\n\t\t","protected":false},"excerpt":{"rendered":"<p>Das F\u00fcrstentum Liechtenstein Das F\u00fcrstentum Liechtenstein liegt im Zentrum Europas, eingebettet zwischen der Schweiz und \u00d6sterreich, am Ufer des Rheins. Die Staatsform ist eine konstitutionelle Erbmonarchie auf demokratisch-parlamentarischer Grundlage. Staatsoberhaupt ist der regierende F\u00fcrst von und zu Liechtenstein, Hans-Adam II. Seit 15. August 2004 f\u00fchrt dessen Sohn, Erbprinz Alois, die Regierungsgesch\u00e4fte. In 11 Gemeinden z\u00e4hlt [&hellip;]<\/p>\n","protected":false},"author":1,"featured_media":0,"parent":0,"menu_order":5,"comment_status":"closed","ping_status":"closed","template":"","meta":{"_seopress_robots_primary_cat":"","_seopress_titles_title":"F\u00fcrstentum Liechtenstein - Eco Wirtschaftstreuhand Anstalt","_seopress_titles_desc":"Der Finanzplatz Liechtenstein bietet seinen Kunden viele Vorteile.","_seopress_robots_index":"","_seopress_analysis_target_kw":"","site-sidebar-layout":"no-sidebar","site-content-layout":"page-builder","ast-site-content-layout":"default","site-content-style":"default","site-sidebar-style":"default","ast-global-header-display":"","ast-banner-title-visibility":"","ast-main-header-display":"","ast-hfb-above-header-display":"","ast-hfb-below-header-display":"","ast-hfb-mobile-header-display":"","site-post-title":"disabled","ast-breadcrumbs-content":"","ast-featured-img":"disabled","footer-sml-layout":"","ast-disable-related-posts":"","theme-transparent-header-meta":"","adv-header-id-meta":"","stick-header-meta":"","header-above-stick-meta":"","header-main-stick-meta":"","header-below-stick-meta":"","astra-migrate-meta-layouts":"default","ast-page-background-enabled":"default","ast-page-background-meta":{"desktop":{"background-color":"","background-image":"","background-repeat":"repeat","background-position":"center center","background-size":"auto","background-attachment":"scroll","background-type":"","background-media":"","overlay-type":"","overlay-color":"","overlay-opacity":"","overlay-gradient":""},"tablet":{"background-color":"","background-image":"","background-repeat":"repeat","background-position":"center center","background-size":"auto","background-attachment":"scroll","background-type":"","background-media":"","overlay-type":"","overlay-color":"","overlay-opacity":"","overlay-gradient":""},"mobile":{"background-color":"","background-image":"","background-repeat":"repeat","background-position":"center center","background-size":"auto","background-attachment":"scroll","background-type":"","background-media":"","overlay-type":"","overlay-color":"","overlay-opacity":"","overlay-gradient":""}},"ast-content-background-meta":{"desktop":{"background-color":"var(--ast-global-color-5)","background-image":"","background-repeat":"repeat","background-position":"center center","background-size":"auto","background-attachment":"scroll","background-type":"","background-media":"","overlay-type":"","overlay-color":"","overlay-opacity":"","overlay-gradient":""},"tablet":{"background-color":"var(--ast-global-color-5)","background-image":"","background-repeat":"repeat","background-position":"center center","background-size":"auto","background-attachment":"scroll","background-type":"","background-media":"","overlay-type":"","overlay-color":"","overlay-opacity":"","overlay-gradient":""},"mobile":{"background-color":"var(--ast-global-color-5)","background-image":"","background-repeat":"repeat","background-position":"center center","background-size":"auto","background-attachment":"scroll","background-type":"","background-media":"","overlay-type":"","overlay-color":"","overlay-opacity":"","overlay-gradient":""}},"footnotes":""},"class_list":["post-16","page","type-page","status-publish","hentry"],"_links":{"self":[{"href":"https:\/\/www.ecowt.li\/de\/wp-json\/wp\/v2\/pages\/16","targetHints":{"allow":["GET"]}}],"collection":[{"href":"https:\/\/www.ecowt.li\/de\/wp-json\/wp\/v2\/pages"}],"about":[{"href":"https:\/\/www.ecowt.li\/de\/wp-json\/wp\/v2\/types\/page"}],"author":[{"embeddable":true,"href":"https:\/\/www.ecowt.li\/de\/wp-json\/wp\/v2\/users\/1"}],"replies":[{"embeddable":true,"href":"https:\/\/www.ecowt.li\/de\/wp-json\/wp\/v2\/comments?post=16"}],"version-history":[{"count":0,"href":"https:\/\/www.ecowt.li\/de\/wp-json\/wp\/v2\/pages\/16\/revisions"}],"wp:attachment":[{"href":"https:\/\/www.ecowt.li\/de\/wp-json\/wp\/v2\/media?parent=16"}],"curies":[{"name":"wp","href":"https:\/\/api.w.org\/{rel}","templated":true}]}}