{"id":15,"date":"2021-02-22T08:03:22","date_gmt":"2021-02-22T08:03:22","guid":{"rendered":"https:\/\/www.ecowt.li\/steuern\/"},"modified":"2021-02-22T13:34:35","modified_gmt":"2021-02-22T13:34:35","slug":"steuern","status":"publish","type":"page","link":"https:\/\/www.ecowt.li\/de\/steuern\/","title":{"rendered":"Steuern"},"content":{"rendered":"\t\t<div data-elementor-type=\"wp-page\" data-elementor-id=\"15\" class=\"elementor elementor-15\" data-elementor-post-type=\"page\">\n\t\t\t\t\t\t<section class=\"elementor-section elementor-top-section elementor-element elementor-element-2fb743c elementor-section-content-middle elementor-section-boxed elementor-section-height-default elementor-section-height-default\" data-id=\"2fb743c\" data-element_type=\"section\" data-e-type=\"section\" data-settings=\"{&quot;background_background&quot;:&quot;classic&quot;}\">\n\t\t\t\t\t\t<div class=\"elementor-container elementor-column-gap-wide\">\n\t\t\t\t\t<div class=\"elementor-column elementor-col-50 elementor-top-column elementor-element elementor-element-3e97fb3\" data-id=\"3e97fb3\" data-element_type=\"column\" data-e-type=\"column\">\n\t\t\t<div class=\"elementor-widget-wrap elementor-element-populated\">\n\t\t\t\t\t\t<section class=\"elementor-section elementor-inner-section elementor-element elementor-element-97cd690 elementor-section-boxed elementor-section-height-default elementor-section-height-default\" data-id=\"97cd690\" data-element_type=\"section\" data-e-type=\"section\" data-settings=\"{&quot;background_background&quot;:&quot;classic&quot;}\">\n\t\t\t\t\t\t\t<div class=\"elementor-background-overlay\"><\/div>\n\t\t\t\t\t\t\t<div class=\"elementor-container elementor-column-gap-default\">\n\t\t\t\t\t<div class=\"elementor-column elementor-col-100 elementor-inner-column elementor-element elementor-element-3413bf3\" data-id=\"3413bf3\" data-element_type=\"column\" data-e-type=\"column\">\n\t\t\t<div class=\"elementor-widget-wrap elementor-element-populated\">\n\t\t\t\t\t\t<div class=\"elementor-element elementor-element-69b3a59 elementor-widget elementor-widget-spacer\" data-id=\"69b3a59\" data-element_type=\"widget\" data-e-type=\"widget\" data-widget_type=\"spacer.default\">\n\t\t\t\t<div class=\"elementor-widget-container\">\n\t\t\t\t\t\t\t<div class=\"elementor-spacer\">\n\t\t\t<div class=\"elementor-spacer-inner\"><\/div>\n\t\t<\/div>\n\t\t\t\t\t\t<\/div>\n\t\t\t\t<\/div>\n\t\t\t\t\t<\/div>\n\t\t<\/div>\n\t\t\t\t\t<\/div>\n\t\t<\/section>\n\t\t\t\t\t<\/div>\n\t\t<\/div>\n\t\t\t\t<div class=\"elementor-column elementor-col-50 elementor-top-column elementor-element elementor-element-557f421\" data-id=\"557f421\" data-element_type=\"column\" data-e-type=\"column\">\n\t\t\t<div class=\"elementor-widget-wrap elementor-element-populated\">\n\t\t\t\t\t\t<div class=\"elementor-element elementor-element-342ef81 elementor-widget elementor-widget-heading\" data-id=\"342ef81\" data-element_type=\"widget\" data-e-type=\"widget\" data-widget_type=\"heading.default\">\n\t\t\t\t<div class=\"elementor-widget-container\">\n\t\t\t\t\t<h1 class=\"elementor-heading-title elementor-size-default\">Steuern im <br>F\u00fcrstentum Liechtenstein\n<\/h1>\t\t\t\t<\/div>\n\t\t\t\t<\/div>\n\t\t\t\t<div class=\"elementor-element elementor-element-cd160b5 elementor-widget elementor-widget-text-editor\" data-id=\"cd160b5\" data-element_type=\"widget\" data-e-type=\"widget\" data-widget_type=\"text-editor.default\">\n\t\t\t\t<div class=\"elementor-widget-container\">\n\t\t\t\t\t\t\t\t\t<p>Mit dem im Januar 2011 in Kraft getretenen neuen Steuergesetz (Gesetz vom 23. September 2010 \u00fcber die Landes- und Gemeindesteuern) verf\u00fcgt das F\u00fcrstentum Liechtenstein \u00fcber ein einfaches, international kompatibles und europarechtskonformes Steuerrecht.<\/p>\t\t\t\t\t\t\t\t<\/div>\n\t\t\t\t<\/div>\n\t\t\t\t\t<\/div>\n\t\t<\/div>\n\t\t\t\t\t<\/div>\n\t\t<\/section>\n\t\t\t\t<section class=\"elementor-section elementor-top-section elementor-element elementor-element-ca3ee86 elementor-section-boxed elementor-section-height-default elementor-section-height-default\" data-id=\"ca3ee86\" data-element_type=\"section\" data-e-type=\"section\" data-settings=\"{&quot;shape_divider_top&quot;:&quot;arrow&quot;}\">\n\t\t\t\t\t<div class=\"elementor-shape elementor-shape-top\" aria-hidden=\"true\" data-negative=\"false\">\n\t\t\t<svg xmlns=\"http:\/\/www.w3.org\/2000\/svg\" viewBox=\"0 0 700 10\" preserveAspectRatio=\"none\">\n\t<path class=\"elementor-shape-fill\" d=\"M350,10L340,0h20L350,10z\"\/>\n<\/svg>\t\t<\/div>\n\t\t\t\t\t<div class=\"elementor-container elementor-column-gap-wide\">\n\t\t\t\t\t<div class=\"elementor-column elementor-col-50 elementor-top-column elementor-element elementor-element-07e2732\" data-id=\"07e2732\" data-element_type=\"column\" data-e-type=\"column\">\n\t\t\t<div class=\"elementor-widget-wrap elementor-element-populated\">\n\t\t\t\t\t\t<div class=\"elementor-element elementor-element-fdcecc6 elementor-widget elementor-widget-text-editor\" data-id=\"fdcecc6\" data-element_type=\"widget\" data-e-type=\"widget\" data-widget_type=\"text-editor.default\">\n\t\t\t\t<div class=\"elementor-widget-container\">\n\t\t\t\t\t\t\t\t\t<h3>Ertragssteuer<\/h3><p>Generell betr\u00e4gt die Ertragssteuer f\u00fcr alle juristischen Personen mit Sitz im F\u00fcrstentum Liechtenstein 12,5% vom steuerbaren Reinertrag bei einer Mindeststeuer von CHF 1.800,&#8211; pro Jahr.<\/p><p>Es werden keine Kapital- oder Couponsteuern mehr erhoben.<\/p><p>Nicht zur Steuerbemessungsgrundlage z\u00e4hlen<\/p><ul><li>Dividenden<\/li><li>Kapitalgewinne<\/li><li>Ausl\u00e4ndische Betriebsst\u00e4ttenergebnisse<\/li><li>Miet- und Pachtertr\u00e4ge ausl\u00e4ndischer Grundverm\u00f6gen<\/li><li>Grundst\u00fccksgewinne<\/li><li>Kapitalzuwachs aus Erbschaft, Verm\u00e4chtnis oder Schenkung<\/li><li>Kapitaleinlagen einschliesslich \u00e0 fonds perdu Leistungen<\/li><\/ul><p>Weiters ist ein Eigenkapital-Zinsabzug von derzeit 4% zul\u00e4ssig, wodurch die Steuerbemessungsgrundlage reduziert und so der effektive Steuersatz gesenkt wird. Der Zinssatz wird j\u00e4hrlich von Steuerverwaltung auf Basis des allgemeinen Zinsniveaus angepasst.<\/p><p>Das modifizierte Eigenkapital errechnet sich wie folgt:<\/p><p>+ einbezahltes Grundkapital<br \/>+ Reserven<br \/>&#8211; Beteiligungen an juristischen Personen<br \/>&#8211; ausl\u00e4ndisches Grundverm\u00f6gen<br \/>&#8211; ausl\u00e4ndisches Betriebsst\u00e4ttenverm\u00f6gen<br \/>&#8211; nicht betriebsnotwendiges Verm\u00f6gen<br \/>= modifiziertes Eigenkapital<\/p>\t\t\t\t\t\t\t\t<\/div>\n\t\t\t\t<\/div>\n\t\t\t\t\t<\/div>\n\t\t<\/div>\n\t\t\t\t<div class=\"elementor-column elementor-col-50 elementor-top-column elementor-element elementor-element-5f49514\" data-id=\"5f49514\" data-element_type=\"column\" data-e-type=\"column\">\n\t\t\t<div class=\"elementor-widget-wrap elementor-element-populated\">\n\t\t\t\t\t\t<div class=\"elementor-element elementor-element-24155b0 elementor-widget elementor-widget-text-editor\" data-id=\"24155b0\" data-element_type=\"widget\" data-e-type=\"widget\" data-widget_type=\"text-editor.default\">\n\t\t\t\t<div class=\"elementor-widget-container\">\n\t\t\t\t\t\t\t\t\t<h3>\u00dcbergansregelung f\u00fcr Altreserven aufgrund der Abschaffung der Couponsteuer<\/h3><p>Bei den Gesellschaften, die bisher der 4% Couponsteuer auf Aussch\u00fcttungen unterlagen, k\u00f6nnen die per 31. Dezember 2010 bestehenden Altreserven, also die kumulierten, bis dahin nicht ausgesch\u00fctteten Gewinne, in den Jahren 2011 und 2012 zu einem reduzierten Satz von 2% abgerechnet werden. Ab 2013 gilt f\u00fcr die Abrechnung dieser Altreserven wieder der fr\u00fchere Satz von 4%, wobei Aussch\u00fcttungen als aus den Altreserven entnommen gelten, solange diese nicht aufgebraucht sind. Eine Verrechnung dieser Altreserven mit Verlusten der Gesch\u00e4ftsjahre ab 2011 ist nicht m\u00f6glich.<\/p><h3>Privatverm\u00f6gensstrukturen<\/h3><p>In Anlehnung an die luxemburgische Soci\u00e9t\u00e9 de Gestion de Patrimoine Familial (SPF) wurde anstelle der besonderen Gesellschaftssteuern ein neues Steuerprivileg f\u00fcr juristische Personen, die ausschliesslich verm\u00f6gensverwaltend t\u00e4tig sind und keine wirtschaftliche T\u00e4tigkeit aus\u00fcben, die sogenannten Privatverm\u00f6gensstrukturen (PVS), normiert. Die Beschr\u00e4nkungen als PVS m\u00fcssen sich aus den Statuten ergeben.<\/p><p>Der Status als PVS wird von der Steuerverwaltung auf Antrag bewilligt.<\/p><p>PVS unterliegen lediglich der Mindestertragssteuer von CHF 1.800,&#8211; pro Jahr.<\/p>\t\t\t\t\t\t\t\t<\/div>\n\t\t\t\t<\/div>\n\t\t\t\t\t<\/div>\n\t\t<\/div>\n\t\t\t\t\t<\/div>\n\t\t<\/section>\n\t\t\t\t<\/div>\n\t\t","protected":false},"excerpt":{"rendered":"<p>Steuern im F\u00fcrstentum Liechtenstein Mit dem im Januar 2011 in Kraft getretenen neuen Steuergesetz (Gesetz vom 23. September 2010 \u00fcber die Landes- und Gemeindesteuern) verf\u00fcgt das F\u00fcrstentum Liechtenstein \u00fcber ein einfaches, international kompatibles und europarechtskonformes Steuerrecht. Ertragssteuer Generell betr\u00e4gt die Ertragssteuer f\u00fcr alle juristischen Personen mit Sitz im F\u00fcrstentum Liechtenstein 12,5% vom steuerbaren Reinertrag bei [&hellip;]<\/p>\n","protected":false},"author":1,"featured_media":0,"parent":0,"menu_order":4,"comment_status":"closed","ping_status":"closed","template":"","meta":{"_seopress_robots_primary_cat":"","_seopress_titles_title":"Steuern im F\u00fcrstentum Liechtenstein","_seopress_titles_desc":"Das F\u00fcrstentum Liechtenstein verf\u00fcgt \u00fcber ein einfaches, international kompatibles und europarechtskonformes Steuerrecht.","_seopress_robots_index":"","site-sidebar-layout":"no-sidebar","site-content-layout":"page-builder","ast-site-content-layout":"default","site-content-style":"default","site-sidebar-style":"default","ast-global-header-display":"","ast-banner-title-visibility":"","ast-main-header-display":"","ast-hfb-above-header-display":"","ast-hfb-below-header-display":"","ast-hfb-mobile-header-display":"","site-post-title":"disabled","ast-breadcrumbs-content":"","ast-featured-img":"disabled","footer-sml-layout":"","ast-disable-related-posts":"","theme-transparent-header-meta":"","adv-header-id-meta":"","stick-header-meta":"","header-above-stick-meta":"","header-main-stick-meta":"","header-below-stick-meta":"","astra-migrate-meta-layouts":"default","ast-page-background-enabled":"default","ast-page-background-meta":{"desktop":{"background-color":"","background-image":"","background-repeat":"repeat","background-position":"center center","background-size":"auto","background-attachment":"scroll","background-type":"","background-media":"","overlay-type":"","overlay-color":"","overlay-opacity":"","overlay-gradient":""},"tablet":{"background-color":"","background-image":"","background-repeat":"repeat","background-position":"center center","background-size":"auto","background-attachment":"scroll","background-type":"","background-media":"","overlay-type":"","overlay-color":"","overlay-opacity":"","overlay-gradient":""},"mobile":{"background-color":"","background-image":"","background-repeat":"repeat","background-position":"center center","background-size":"auto","background-attachment":"scroll","background-type":"","background-media":"","overlay-type":"","overlay-color":"","overlay-opacity":"","overlay-gradient":""}},"ast-content-background-meta":{"desktop":{"background-color":"var(--ast-global-color-5)","background-image":"","background-repeat":"repeat","background-position":"center center","background-size":"auto","background-attachment":"scroll","background-type":"","background-media":"","overlay-type":"","overlay-color":"","overlay-opacity":"","overlay-gradient":""},"tablet":{"background-color":"var(--ast-global-color-5)","background-image":"","background-repeat":"repeat","background-position":"center center","background-size":"auto","background-attachment":"scroll","background-type":"","background-media":"","overlay-type":"","overlay-color":"","overlay-opacity":"","overlay-gradient":""},"mobile":{"background-color":"var(--ast-global-color-5)","background-image":"","background-repeat":"repeat","background-position":"center center","background-size":"auto","background-attachment":"scroll","background-type":"","background-media":"","overlay-type":"","overlay-color":"","overlay-opacity":"","overlay-gradient":""}},"footnotes":""},"class_list":["post-15","page","type-page","status-publish","hentry"],"_links":{"self":[{"href":"https:\/\/www.ecowt.li\/de\/wp-json\/wp\/v2\/pages\/15","targetHints":{"allow":["GET"]}}],"collection":[{"href":"https:\/\/www.ecowt.li\/de\/wp-json\/wp\/v2\/pages"}],"about":[{"href":"https:\/\/www.ecowt.li\/de\/wp-json\/wp\/v2\/types\/page"}],"author":[{"embeddable":true,"href":"https:\/\/www.ecowt.li\/de\/wp-json\/wp\/v2\/users\/1"}],"replies":[{"embeddable":true,"href":"https:\/\/www.ecowt.li\/de\/wp-json\/wp\/v2\/comments?post=15"}],"version-history":[{"count":0,"href":"https:\/\/www.ecowt.li\/de\/wp-json\/wp\/v2\/pages\/15\/revisions"}],"wp:attachment":[{"href":"https:\/\/www.ecowt.li\/de\/wp-json\/wp\/v2\/media?parent=15"}],"curies":[{"name":"wp","href":"https:\/\/api.w.org\/{rel}","templated":true}]}}