{"id":13,"date":"2021-02-22T08:03:22","date_gmt":"2021-02-22T08:03:22","guid":{"rendered":"https:\/\/www.ecowt.li\/team\/"},"modified":"2024-05-10T10:03:31","modified_gmt":"2024-05-10T10:03:31","slug":"ueber-uns","status":"publish","type":"page","link":"https:\/\/www.ecowt.li\/de\/ueber-uns\/","title":{"rendered":"\u00dcber Uns"},"content":{"rendered":"\t\t<div data-elementor-type=\"wp-page\" data-elementor-id=\"13\" class=\"elementor elementor-13\" data-elementor-post-type=\"page\">\n\t\t\t\t\t\t<section class=\"elementor-section elementor-top-section elementor-element elementor-element-dfcb2a3 elementor-section-content-middle elementor-section-boxed elementor-section-height-default elementor-section-height-default\" data-id=\"dfcb2a3\" data-element_type=\"section\" data-e-type=\"section\" data-settings=\"{&quot;background_background&quot;:&quot;classic&quot;}\">\n\t\t\t\t\t\t<div class=\"elementor-container elementor-column-gap-wide\">\n\t\t\t\t\t<div class=\"elementor-column elementor-col-50 elementor-top-column elementor-element elementor-element-e82bb5f\" data-id=\"e82bb5f\" data-element_type=\"column\" data-e-type=\"column\">\n\t\t\t<div class=\"elementor-widget-wrap elementor-element-populated\">\n\t\t\t\t\t\t<section class=\"elementor-section elementor-inner-section elementor-element elementor-element-46a778e elementor-section-boxed elementor-section-height-default elementor-section-height-default\" data-id=\"46a778e\" data-element_type=\"section\" data-e-type=\"section\" data-settings=\"{&quot;background_background&quot;:&quot;classic&quot;}\">\n\t\t\t\t\t\t\t<div class=\"elementor-background-overlay\"><\/div>\n\t\t\t\t\t\t\t<div class=\"elementor-container elementor-column-gap-default\">\n\t\t\t\t\t<div class=\"elementor-column elementor-col-100 elementor-inner-column elementor-element elementor-element-ac40c80\" data-id=\"ac40c80\" data-element_type=\"column\" data-e-type=\"column\">\n\t\t\t<div class=\"elementor-widget-wrap elementor-element-populated\">\n\t\t\t\t\t\t<div class=\"elementor-element elementor-element-1e711de elementor-widget elementor-widget-spacer\" data-id=\"1e711de\" data-element_type=\"widget\" data-e-type=\"widget\" data-widget_type=\"spacer.default\">\n\t\t\t\t<div class=\"elementor-widget-container\">\n\t\t\t\t\t\t\t<div class=\"elementor-spacer\">\n\t\t\t<div class=\"elementor-spacer-inner\"><\/div>\n\t\t<\/div>\n\t\t\t\t\t\t<\/div>\n\t\t\t\t<\/div>\n\t\t\t\t\t<\/div>\n\t\t<\/div>\n\t\t\t\t\t<\/div>\n\t\t<\/section>\n\t\t\t\t\t<\/div>\n\t\t<\/div>\n\t\t\t\t<div class=\"elementor-column elementor-col-50 elementor-top-column elementor-element elementor-element-60fe59a\" data-id=\"60fe59a\" data-element_type=\"column\" data-e-type=\"column\">\n\t\t\t<div class=\"elementor-widget-wrap elementor-element-populated\">\n\t\t\t\t\t\t<div class=\"elementor-element elementor-element-8b1279e elementor-widget elementor-widget-heading\" data-id=\"8b1279e\" data-element_type=\"widget\" data-e-type=\"widget\" data-widget_type=\"heading.default\">\n\t\t\t\t<div class=\"elementor-widget-container\">\n\t\t\t\t\t<h1 class=\"elementor-heading-title elementor-size-default\">Das Team von<br>ECO Wirtschafts<wbr>treuhand<\/h1>\t\t\t\t<\/div>\n\t\t\t\t<\/div>\n\t\t\t\t<div class=\"elementor-element elementor-element-ae30c36 elementor-widget elementor-widget-text-editor\" data-id=\"ae30c36\" data-element_type=\"widget\" data-e-type=\"widget\" data-widget_type=\"text-editor.default\">\n\t\t\t\t<div class=\"elementor-widget-container\">\n\t\t\t\t\t\t\t\t\t<p><strong>Eco Wirtschaftstreuhand Anstalt wurde im Jahr 2006 gegr\u00fcndet. Wir sind ein voll konzessioniertes Treuhandunternehmen.<\/strong><\/p><p>Erfahren Sie hier mehr \u00fcber unser Team, unsere Partner und finden Sie wichtige Links zu unseren Themen.<\/p>\t\t\t\t\t\t\t\t<\/div>\n\t\t\t\t<\/div>\n\t\t\t\t\t<\/div>\n\t\t<\/div>\n\t\t\t\t\t<\/div>\n\t\t<\/section>\n\t\t\t\t<section class=\"elementor-section elementor-top-section elementor-element elementor-element-9f80a85 elementor-section-boxed elementor-section-height-default elementor-section-height-default\" data-id=\"9f80a85\" data-element_type=\"section\" data-e-type=\"section\" data-settings=\"{&quot;shape_divider_top&quot;:&quot;arrow&quot;}\">\n\t\t\t\t\t<div class=\"elementor-shape elementor-shape-top\" aria-hidden=\"true\" data-negative=\"false\">\n\t\t\t<svg xmlns=\"http:\/\/www.w3.org\/2000\/svg\" viewBox=\"0 0 700 10\" preserveAspectRatio=\"none\">\n\t<path class=\"elementor-shape-fill\" d=\"M350,10L340,0h20L350,10z\"\/>\n<\/svg>\t\t<\/div>\n\t\t\t\t\t<div class=\"elementor-container elementor-column-gap-wide\">\n\t\t\t\t\t<div class=\"elementor-column elementor-col-100 elementor-top-column elementor-element elementor-element-1f04450\" data-id=\"1f04450\" data-element_type=\"column\" data-e-type=\"column\">\n\t\t\t<div class=\"elementor-widget-wrap elementor-element-populated\">\n\t\t\t\t\t\t<div class=\"elementor-element elementor-element-3efbf36 elementor-widget elementor-widget-heading\" data-id=\"3efbf36\" data-element_type=\"widget\" data-e-type=\"widget\" data-widget_type=\"heading.default\">\n\t\t\t\t<div class=\"elementor-widget-container\">\n\t\t\t\t\t<h2 class=\"elementor-heading-title elementor-size-default\">Unser Team<\/h2>\t\t\t\t<\/div>\n\t\t\t\t<\/div>\n\t\t\t\t<section class=\"elementor-section elementor-inner-section elementor-element elementor-element-d24b7ac elementor-section-boxed elementor-section-height-default elementor-section-height-default\" data-id=\"d24b7ac\" data-element_type=\"section\" data-e-type=\"section\">\n\t\t\t\t\t\t<div class=\"elementor-container elementor-column-gap-wide\">\n\t\t\t\t\t<div class=\"elementor-column elementor-col-100 elementor-inner-column elementor-element elementor-element-7573e83\" data-id=\"7573e83\" data-element_type=\"column\" data-e-type=\"column\">\n\t\t\t<div class=\"elementor-widget-wrap elementor-element-populated\">\n\t\t\t\t\t\t<div class=\"elementor-element elementor-element-63dcde0 elementor-widget elementor-widget-heading\" data-id=\"63dcde0\" data-element_type=\"widget\" data-e-type=\"widget\" data-widget_type=\"heading.default\">\n\t\t\t\t<div class=\"elementor-widget-container\">\n\t\t\t\t\t<h3 class=\"elementor-heading-title elementor-size-default\">Ramona Schreiber<\/h3>\t\t\t\t<\/div>\n\t\t\t\t<\/div>\n\t\t\t\t<div class=\"elementor-element elementor-element-9b15cb6 elementor-widget elementor-widget-text-editor\" data-id=\"9b15cb6\" data-element_type=\"widget\" data-e-type=\"widget\" data-widget_type=\"text-editor.default\">\n\t\t\t\t<div class=\"elementor-widget-container\">\n\t\t\t\t\t\t\t\t\t<ul>\n \t<li>Gesch\u00e4ftsf\u00fchrerin, Partnerin<\/li>\n \t<li>Mitglied des Verwaltungsrates<\/li>\n \t<li>Diplomierte Treuhandexpertin, Treuh\u00e4nderin<\/li>\n \t<li>Leiterin Rechnungswesen<\/li>\n \t<li>Fachfrau im Finanz- und Rechnungswesen mit eidgen\u00f6ssischem Fachausweis<\/li>\n<\/ul>\t\t\t\t\t\t\t\t<\/div>\n\t\t\t\t<\/div>\n\t\t\t\t\t<\/div>\n\t\t<\/div>\n\t\t\t\t\t<\/div>\n\t\t<\/section>\n\t\t\t\t<section class=\"elementor-section elementor-inner-section elementor-element elementor-element-d7be5be elementor-section-content-middle elementor-section-boxed elementor-section-height-default elementor-section-height-default\" data-id=\"d7be5be\" data-element_type=\"section\" data-e-type=\"section\">\n\t\t\t\t\t\t<div class=\"elementor-container elementor-column-gap-wide\">\n\t\t\t\t\t<div class=\"elementor-column elementor-col-100 elementor-inner-column elementor-element elementor-element-b044c48\" data-id=\"b044c48\" data-element_type=\"column\" data-e-type=\"column\">\n\t\t\t<div class=\"elementor-widget-wrap elementor-element-populated\">\n\t\t\t\t\t\t<div class=\"elementor-element elementor-element-8079e96 elementor-widget elementor-widget-heading\" data-id=\"8079e96\" data-element_type=\"widget\" data-e-type=\"widget\" data-widget_type=\"heading.default\">\n\t\t\t\t<div class=\"elementor-widget-container\">\n\t\t\t\t\t<h3 class=\"elementor-heading-title elementor-size-default\">Marina Rohner<\/h3>\t\t\t\t<\/div>\n\t\t\t\t<\/div>\n\t\t\t\t<div class=\"elementor-element elementor-element-b5768d9 elementor-widget elementor-widget-text-editor\" data-id=\"b5768d9\" data-element_type=\"widget\" data-e-type=\"widget\" data-widget_type=\"text-editor.default\">\n\t\t\t\t<div class=\"elementor-widget-container\">\n\t\t\t\t\t\t\t\t\t<ul><li>Sachbearbeiterin f\u00fcr Personal- und Rechnungswesen<\/li><\/ul>\t\t\t\t\t\t\t\t<\/div>\n\t\t\t\t<\/div>\n\t\t\t\t\t<\/div>\n\t\t<\/div>\n\t\t\t\t\t<\/div>\n\t\t<\/section>\n\t\t\t\t<div class=\"elementor-element elementor-element-fd88539 elementor-widget-divider--separator-type-pattern elementor-widget-divider--view-line elementor-widget elementor-widget-divider\" data-id=\"fd88539\" data-element_type=\"widget\" data-e-type=\"widget\" data-widget_type=\"divider.default\">\n\t\t\t\t<div class=\"elementor-widget-container\">\n\t\t\t\t\t\t\t<div class=\"elementor-divider\" style=\"--divider-pattern-url: url(&quot;data:image\/svg+xml,%3Csvg xmlns=&#039;http:\/\/www.w3.org\/2000\/svg&#039; preserveAspectRatio=&#039;none&#039; overflow=&#039;visible&#039; height=&#039;100%&#039; viewBox=&#039;0 0 20 16&#039; fill=&#039;none&#039; stroke=&#039;black&#039; stroke-width=&#039;1&#039; stroke-linecap=&#039;square&#039; stroke-miterlimit=&#039;10&#039;%3E%3Cg transform=&#039;translate(-12.000000, 0)&#039;%3E%3Cpath d=&#039;M28,0L10,18&#039;\/%3E%3Cpath d=&#039;M18,0L0,18&#039;\/%3E%3Cpath d=&#039;M48,0L30,18&#039;\/%3E%3Cpath d=&#039;M38,0L20,18&#039;\/%3E%3C\/g%3E%3C\/svg%3E&quot;);\">\n\t\t\t<span class=\"elementor-divider-separator\">\n\t\t\t\t\t\t<\/span>\n\t\t<\/div>\n\t\t\t\t\t\t<\/div>\n\t\t\t\t<\/div>\n\t\t\t\t<section class=\"elementor-section elementor-inner-section elementor-element elementor-element-2c9d9d3 elementor-section-boxed elementor-section-height-default elementor-section-height-default\" data-id=\"2c9d9d3\" data-element_type=\"section\" data-e-type=\"section\">\n\t\t\t\t\t\t<div class=\"elementor-container elementor-column-gap-wide\">\n\t\t\t\t\t<div class=\"elementor-column elementor-col-33 elementor-inner-column elementor-element elementor-element-9c0d540\" data-id=\"9c0d540\" data-element_type=\"column\" data-e-type=\"column\">\n\t\t\t<div class=\"elementor-widget-wrap elementor-element-populated\">\n\t\t\t\t\t\t<div class=\"elementor-element elementor-element-94b4f82 elementor-widget elementor-widget-heading\" data-id=\"94b4f82\" data-element_type=\"widget\" data-e-type=\"widget\" data-widget_type=\"heading.default\">\n\t\t\t\t<div class=\"elementor-widget-container\">\n\t\t\t\t\t<h4 class=\"elementor-heading-title elementor-size-default\">Stefanie Dorfner\n\n<\/h4>\t\t\t\t<\/div>\n\t\t\t\t<\/div>\n\t\t\t\t<div class=\"elementor-element elementor-element-1c31951 elementor-widget elementor-widget-text-editor\" data-id=\"1c31951\" data-element_type=\"widget\" data-e-type=\"widget\" data-widget_type=\"text-editor.default\">\n\t\t\t\t<div class=\"elementor-widget-container\">\n\t\t\t\t\t\t\t\t\t<ul><li>Prokuristin<\/li><\/ul>\t\t\t\t\t\t\t\t<\/div>\n\t\t\t\t<\/div>\n\t\t\t\t\t<\/div>\n\t\t<\/div>\n\t\t\t\t<div class=\"elementor-column elementor-col-33 elementor-inner-column elementor-element elementor-element-c95d420\" data-id=\"c95d420\" data-element_type=\"column\" data-e-type=\"column\">\n\t\t\t<div class=\"elementor-widget-wrap elementor-element-populated\">\n\t\t\t\t\t\t<div class=\"elementor-element elementor-element-063f70c elementor-widget elementor-widget-heading\" data-id=\"063f70c\" data-element_type=\"widget\" data-e-type=\"widget\" data-widget_type=\"heading.default\">\n\t\t\t\t<div class=\"elementor-widget-container\">\n\t\t\t\t\t<h4 class=\"elementor-heading-title elementor-size-default\">Dr. Roland M\u00fcller\n\n<\/h4>\t\t\t\t<\/div>\n\t\t\t\t<\/div>\n\t\t\t\t<div class=\"elementor-element elementor-element-0c97a1e elementor-widget elementor-widget-text-editor\" data-id=\"0c97a1e\" data-element_type=\"widget\" data-e-type=\"widget\" data-widget_type=\"text-editor.default\">\n\t\t\t\t<div class=\"elementor-widget-container\">\n\t\t\t\t\t\t\t\t\t<ul><li>Pr\u00e4sident des Verwaltungsrates<\/li><li>Rechtsanwalt<\/li><\/ul>\t\t\t\t\t\t\t\t<\/div>\n\t\t\t\t<\/div>\n\t\t\t\t\t<\/div>\n\t\t<\/div>\n\t\t\t\t<div class=\"elementor-column elementor-col-33 elementor-inner-column elementor-element elementor-element-56c8c1c\" data-id=\"56c8c1c\" data-element_type=\"column\" data-e-type=\"column\">\n\t\t\t<div class=\"elementor-widget-wrap elementor-element-populated\">\n\t\t\t\t\t\t<div class=\"elementor-element elementor-element-df48171 elementor-widget elementor-widget-heading\" data-id=\"df48171\" data-element_type=\"widget\" data-e-type=\"widget\" data-widget_type=\"heading.default\">\n\t\t\t\t<div class=\"elementor-widget-container\">\n\t\t\t\t\t<h4 class=\"elementor-heading-title elementor-size-default\">Dr. Robert Neudorfer\n\n<\/h4>\t\t\t\t<\/div>\n\t\t\t\t<\/div>\n\t\t\t\t<div class=\"elementor-element elementor-element-3f945d7 elementor-widget elementor-widget-text-editor\" data-id=\"3f945d7\" data-element_type=\"widget\" data-e-type=\"widget\" data-widget_type=\"text-editor.default\">\n\t\t\t\t<div class=\"elementor-widget-container\">\n\t\t\t\t\t\t\t\t\t<ul><li>Vizepr\u00e4sident des Verwaltungsrates<\/li><li>Rechtsanwalt<\/li><\/ul>\t\t\t\t\t\t\t\t<\/div>\n\t\t\t\t<\/div>\n\t\t\t\t\t<\/div>\n\t\t<\/div>\n\t\t\t\t\t<\/div>\n\t\t<\/section>\n\t\t\t\t\t<\/div>\n\t\t<\/div>\n\t\t\t\t\t<\/div>\n\t\t<\/section>\n\t\t\t\t<section class=\"elementor-section elementor-top-section elementor-element elementor-element-b4fa8c6 elementor-section-boxed elementor-section-height-default elementor-section-height-default\" data-id=\"b4fa8c6\" data-element_type=\"section\" data-e-type=\"section\" data-settings=\"{&quot;shape_divider_top&quot;:&quot;arrow&quot;}\">\n\t\t\t\t\t<div class=\"elementor-shape elementor-shape-top\" aria-hidden=\"true\" data-negative=\"false\">\n\t\t\t<svg xmlns=\"http:\/\/www.w3.org\/2000\/svg\" viewBox=\"0 0 700 10\" preserveAspectRatio=\"none\">\n\t<path class=\"elementor-shape-fill\" d=\"M350,10L340,0h20L350,10z\"\/>\n<\/svg>\t\t<\/div>\n\t\t\t\t\t<div class=\"elementor-container elementor-column-gap-wide\">\n\t\t\t\t\t<div class=\"elementor-column elementor-col-100 elementor-top-column elementor-element elementor-element-93f48f7\" data-id=\"93f48f7\" data-element_type=\"column\" data-e-type=\"column\">\n\t\t\t<div class=\"elementor-widget-wrap elementor-element-populated\">\n\t\t\t\t\t\t<div class=\"elementor-element elementor-element-d16ba1e elementor-widget elementor-widget-heading\" data-id=\"d16ba1e\" data-element_type=\"widget\" data-e-type=\"widget\" data-widget_type=\"heading.default\">\n\t\t\t\t<div class=\"elementor-widget-container\">\n\t\t\t\t\t<h2 class=\"elementor-heading-title elementor-size-default\">Unsere Partner<\/h2>\t\t\t\t<\/div>\n\t\t\t\t<\/div>\n\t\t\t\t<section class=\"elementor-section elementor-inner-section elementor-element elementor-element-41ea160 elementor-section-boxed elementor-section-height-default elementor-section-height-default\" data-id=\"41ea160\" data-element_type=\"section\" data-e-type=\"section\">\n\t\t\t\t\t\t<div class=\"elementor-container elementor-column-gap-wide\">\n\t\t\t\t\t<div class=\"elementor-column elementor-col-33 elementor-inner-column elementor-element elementor-element-21b7bb6\" data-id=\"21b7bb6\" data-element_type=\"column\" data-e-type=\"column\">\n\t\t\t<div class=\"elementor-widget-wrap elementor-element-populated\">\n\t\t\t\t\t\t<div class=\"elementor-element elementor-element-29b1927 elementor-widget elementor-widget-image\" data-id=\"29b1927\" data-element_type=\"widget\" data-e-type=\"widget\" data-widget_type=\"image.default\">\n\t\t\t\t<div class=\"elementor-widget-container\">\n\t\t\t\t\t\t\t\t\t\t\t\t\t\t\t\t<a href=\"https:\/\/www.advokatur.li\/\" target=\"_blank\">\n\t\t\t\t\t\t\t<img decoding=\"async\" width=\"204\" height=\"92\" src=\"https:\/\/www.ecowt.li\/wp-content\/uploads\/2021\/02\/logo_mueller_partner.svg\" class=\"attachment-large size-large wp-image-314\" alt=\"\" \/>\t\t\t\t\t\t\t\t<\/a>\n\t\t\t\t\t\t\t\t\t\t\t\t\t\t\t<\/div>\n\t\t\t\t<\/div>\n\t\t\t\t\t<\/div>\n\t\t<\/div>\n\t\t\t\t<div class=\"elementor-column elementor-col-66 elementor-inner-column elementor-element elementor-element-d22047b\" data-id=\"d22047b\" data-element_type=\"column\" data-e-type=\"column\">\n\t\t\t<div class=\"elementor-widget-wrap elementor-element-populated\">\n\t\t\t\t\t\t<div class=\"elementor-element elementor-element-f55efb3 elementor-widget elementor-widget-heading\" data-id=\"f55efb3\" data-element_type=\"widget\" data-e-type=\"widget\" data-widget_type=\"heading.default\">\n\t\t\t\t<div class=\"elementor-widget-container\">\n\t\t\t\t\t<h3 class=\"elementor-heading-title elementor-size-default\">M\u00dcLLER &amp; PARTNER RECHTSANW\u00c4LTE, Vaduz<\/h3>\t\t\t\t<\/div>\n\t\t\t\t<\/div>\n\t\t\t\t<div class=\"elementor-element elementor-element-c4db37c elementor-widget elementor-widget-text-editor\" data-id=\"c4db37c\" data-element_type=\"widget\" data-e-type=\"widget\" data-widget_type=\"text-editor.default\">\n\t\t\t\t<div class=\"elementor-widget-container\">\n\t\t\t\t\t\t\t\t\t<div id=\"dnn_ContentPane\" class=\"ContentPane\"><div class=\"DnnModule DnnModule-DNN_HTML DnnModule-434\"><div id=\"dnn_ctr434_ContentPane\"><div id=\"dnn_ctr434_ModuleContent\"><div id=\"dnn_ctr434_HtmlModule_lblContent\" class=\"Normal\"><p>Mit der Kanzlei M\u00fcller &amp; Partner Rechtsanw\u00e4lte in Vaduz verbindet uns seit vielen Jahren eine vertrauensvolle und erfolgreiche Partnerschaft, sei es bei der Vertretung in gerichtlichen oder verwaltungsbeh\u00f6rdlichen Verfahren, bei der Abfassung von Rechtsgutachten und Vertr\u00e4gen oder bei der Kl\u00e4rung sonstiger juristischer Fragen.<\/p><p>Unsere Verwaltungsr\u00e4te, Dr. Roland M\u00fcller und Dr. Robert Neudorfer, sind Partner der Kanzlei M\u00fcller &amp; Partner Rechtsanw\u00e4lte.<\/p><p>Gerne stellen wir bei Bedarf unserer Kunden den Kontakt her.\u00a0<\/p><p><a href=\"https:\/\/www.advokatur.li\/\" target=\"_blank\" rel=\"noopener\">www.advokatur.li<\/a><\/p><\/div><\/div><\/div><\/div><\/div>\t\t\t\t\t\t\t\t<\/div>\n\t\t\t\t<\/div>\n\t\t\t\t\t<\/div>\n\t\t<\/div>\n\t\t\t\t\t<\/div>\n\t\t<\/section>\n\t\t\t\t\t<\/div>\n\t\t<\/div>\n\t\t\t\t\t<\/div>\n\t\t<\/section>\n\t\t\t\t<section class=\"elementor-section elementor-top-section elementor-element elementor-element-18dd495 elementor-section-boxed elementor-section-height-default elementor-section-height-default\" data-id=\"18dd495\" data-element_type=\"section\" data-e-type=\"section\" data-settings=\"{&quot;shape_divider_top&quot;:&quot;arrow&quot;}\">\n\t\t\t\t\t<div class=\"elementor-shape elementor-shape-top\" aria-hidden=\"true\" data-negative=\"false\">\n\t\t\t<svg xmlns=\"http:\/\/www.w3.org\/2000\/svg\" viewBox=\"0 0 700 10\" preserveAspectRatio=\"none\">\n\t<path class=\"elementor-shape-fill\" d=\"M350,10L340,0h20L350,10z\"\/>\n<\/svg>\t\t<\/div>\n\t\t\t\t\t<div class=\"elementor-container elementor-column-gap-wide\">\n\t\t\t\t\t<div class=\"elementor-column elementor-col-100 elementor-top-column elementor-element elementor-element-e446476\" data-id=\"e446476\" data-element_type=\"column\" data-e-type=\"column\">\n\t\t\t<div class=\"elementor-widget-wrap elementor-element-populated\">\n\t\t\t\t\t\t<div class=\"elementor-element elementor-element-6ee18f2 elementor-widget elementor-widget-heading\" data-id=\"6ee18f2\" data-element_type=\"widget\" data-e-type=\"widget\" data-widget_type=\"heading.default\">\n\t\t\t\t<div class=\"elementor-widget-container\">\n\t\t\t\t\t<h1 class=\"elementor-heading-title elementor-size-default\">Wichtige Links<\/h1>\t\t\t\t<\/div>\n\t\t\t\t<\/div>\n\t\t\t\t<div class=\"elementor-element elementor-element-1d8141e elementor-widget elementor-widget-text-editor\" data-id=\"1d8141e\" data-element_type=\"widget\" data-e-type=\"widget\" data-widget_type=\"text-editor.default\">\n\t\t\t\t<div class=\"elementor-widget-container\">\n\t\t\t\t\t\t\t\t\t<table border=\"0\" width=\"100%\" cellspacing=\"1\" cellpadding=\"0\" align=\"left\"><tbody><tr><td align=\"left\" valign=\"top\"><a href=\"https:\/\/www.llv.li\/\" target=\"_blank\" rel=\"noopener\">www.llv.li<\/a><\/td><td align=\"left\" valign=\"top\">Liechtensteinische Landesverwaltung<\/td><\/tr><tr><td align=\"left\" valign=\"top\"><a href=\"https:\/\/www.fma-li.li\/\" target=\"_blank\" rel=\"noopener\">www.fma-li.li<\/a><\/td><td align=\"left\" valign=\"top\">Finanzmarktaufsicht Liechtenstein<\/td><\/tr><tr><td align=\"left\" valign=\"top\"><a href=\"https:\/\/www.gesetze.li\" target=\"_blank\" rel=\"noopener\">www.gesetze.li<\/a><\/td><td align=\"left\" valign=\"top\">Sammlung des\u00a0liechtensteinischen Rechts<\/td><\/tr><tr><td align=\"left\" valign=\"top\"><a href=\"https:\/\/www.juricon.li\/de\/\" target=\"_blank\" rel=\"noopener\">www.juricon.li<\/a><\/td><td align=\"left\" valign=\"top\">Juricon Treuhand Anstalt<\/td><\/tr><tr><td align=\"left\" valign=\"top\"><a href=\"http:\/\/www.thv.li\/\" target=\"_blank\" rel=\"noopener\">www.thv.li<\/a><\/td><td align=\"left\" valign=\"top\">Liechtensteinische Treuh\u00e4nderverreinigung<\/td><\/tr><tr><td align=\"left\" valign=\"top\"><a href=\"https:\/\/iag.global\/\" target=\"_blank\" rel=\"noopener\">www.iagweb.com<\/a><\/td><td align=\"left\" valign=\"top\">Integrated Advisory Group<\/td><\/tr><tr><td align=\"left\" valign=\"top\"><a href=\"https:\/\/www.advokatur.li\/\" target=\"_blank\" rel=\"noopener\">www.advokatur.li<\/a><\/td><td align=\"left\" valign=\"top\">M\u00dcLLER &amp; PARTNER RECHTSANW\u00c4LTE, Vaduz<\/td><\/tr><tr><td align=\"left\" valign=\"top\"><a href=\"http:\/\/www.caiac.li\/\" target=\"_blank\" rel=\"noopener\">www.caiac.li<\/a><\/td><td align=\"left\" valign=\"top\">Caiac Fund Management AG<\/td><\/tr><tr><td align=\"left\" valign=\"top\"><a href=\"https:\/\/lafv.li\/\" target=\"_blank\" rel=\"noopener\">www.lafv.li<\/a><\/td><td align=\"left\" valign=\"top\">Liechtensteinischer Anlagefondsverband<\/td><\/tr><tr><td align=\"left\" valign=\"top\"><a href=\"https:\/\/www.lgt.com\/de\/\" target=\"_blank\" rel=\"noopener\">www.lgt.com<\/a><\/td><td align=\"left\" valign=\"top\">LGT Bank in Liechtenstein AG<\/td><\/tr><tr><td align=\"left\" valign=\"top\"><a href=\"https:\/\/sigmabank.com\/\" target=\"_blank\" rel=\"noopener\">sigmabank.com<\/a><\/td><td align=\"left\" valign=\"top\">Sigma Kreditbank AG<\/td><\/tr><tr><td align=\"left\" valign=\"top\"><a href=\"https:\/\/www.llb.li\/\" target=\"_blank\" rel=\"noopener\">www.llb.li<\/a><\/td><td align=\"left\" valign=\"top\">Liechtensteinische Landesbank AG<\/td><\/tr><tr><td align=\"left\" valign=\"top\"><a href=\"https:\/\/www.bankenverband.li\/\" target=\"_blank\" rel=\"noopener\">www.bankenverband.li<\/a><\/td><td align=\"left\" valign=\"top\">Liechtensteinischer Bankenverband<\/td><\/tr><\/tbody><\/table>\t\t\t\t\t\t\t\t<\/div>\n\t\t\t\t<\/div>\n\t\t\t\t\t<\/div>\n\t\t<\/div>\n\t\t\t\t\t<\/div>\n\t\t<\/section>\n\t\t\t\t<\/div>\n\t\t","protected":false},"excerpt":{"rendered":"<p>Das Team vonECO Wirtschaftstreuhand Eco Wirtschaftstreuhand Anstalt wurde im Jahr 2006 gegr\u00fcndet. Wir sind ein voll konzessioniertes Treuhandunternehmen. Erfahren Sie hier mehr \u00fcber unser Team, unsere Partner und finden Sie wichtige Links zu unseren Themen. Unser Team Ramona Schreiber Gesch\u00e4ftsf\u00fchrerin, Partnerin Mitglied des Verwaltungsrates Diplomierte Treuhandexpertin, Treuh\u00e4nderin Leiterin Rechnungswesen Fachfrau im Finanz- und Rechnungswesen mit [&hellip;]<\/p>\n","protected":false},"author":1,"featured_media":0,"parent":0,"menu_order":2,"comment_status":"closed","ping_status":"closed","template":"","meta":{"_seopress_robots_primary_cat":"","_seopress_titles_title":"                    Team Eco Wirtschaftstreuhand Anstalt, Vaduz, Liechtenstein                ","_seopress_titles_desc":"\r\n                    Das Team der Eco Wirtschaftstreuhand Anstalt besteht aus Ramona Schreiber, Karin Marxer, Marina Rohner, Mag. Kerstin Schwald, Dr. Roland M\u00fcller.                ","_seopress_robots_index":"","site-sidebar-layout":"no-sidebar","site-content-layout":"page-builder","ast-site-content-layout":"default","site-content-style":"default","site-sidebar-style":"default","ast-global-header-display":"","ast-banner-title-visibility":"","ast-main-header-display":"","ast-hfb-above-header-display":"","ast-hfb-below-header-display":"","ast-hfb-mobile-header-display":"","site-post-title":"disabled","ast-breadcrumbs-content":"","ast-featured-img":"disabled","footer-sml-layout":"","ast-disable-related-posts":"","theme-transparent-header-meta":"","adv-header-id-meta":"","stick-header-meta":"","header-above-stick-meta":"","header-main-stick-meta":"","header-below-stick-meta":"","astra-migrate-meta-layouts":"default","ast-page-background-enabled":"default","ast-page-background-meta":{"desktop":{"background-color":"","background-image":"","background-repeat":"repeat","background-position":"center center","background-size":"auto","background-attachment":"scroll","background-type":"","background-media":"","overlay-type":"","overlay-color":"","overlay-opacity":"","overlay-gradient":""},"tablet":{"background-color":"","background-image":"","background-repeat":"repeat","background-position":"center center","background-size":"auto","background-attachment":"scroll","background-type":"","background-media":"","overlay-type":"","overlay-color":"","overlay-opacity":"","overlay-gradient":""},"mobile":{"background-color":"","background-image":"","background-repeat":"repeat","background-position":"center center","background-size":"auto","background-attachment":"scroll","background-type":"","background-media":"","overlay-type":"","overlay-color":"","overlay-opacity":"","overlay-gradient":""}},"ast-content-background-meta":{"desktop":{"background-color":"var(--ast-global-color-5)","background-image":"","background-repeat":"repeat","background-position":"center center","background-size":"auto","background-attachment":"scroll","background-type":"","background-media":"","overlay-type":"","overlay-color":"","overlay-opacity":"","overlay-gradient":""},"tablet":{"background-color":"var(--ast-global-color-5)","background-image":"","background-repeat":"repeat","background-position":"center center","background-size":"auto","background-attachment":"scroll","background-type":"","background-media":"","overlay-type":"","overlay-color":"","overlay-opacity":"","overlay-gradient":""},"mobile":{"background-color":"var(--ast-global-color-5)","background-image":"","background-repeat":"repeat","background-position":"center center","background-size":"auto","background-attachment":"scroll","background-type":"","background-media":"","overlay-type":"","overlay-color":"","overlay-opacity":"","overlay-gradient":""}},"footnotes":""},"class_list":["post-13","page","type-page","status-publish","hentry"],"_links":{"self":[{"href":"https:\/\/www.ecowt.li\/de\/wp-json\/wp\/v2\/pages\/13","targetHints":{"allow":["GET"]}}],"collection":[{"href":"https:\/\/www.ecowt.li\/de\/wp-json\/wp\/v2\/pages"}],"about":[{"href":"https:\/\/www.ecowt.li\/de\/wp-json\/wp\/v2\/types\/page"}],"author":[{"embeddable":true,"href":"https:\/\/www.ecowt.li\/de\/wp-json\/wp\/v2\/users\/1"}],"replies":[{"embeddable":true,"href":"https:\/\/www.ecowt.li\/de\/wp-json\/wp\/v2\/comments?post=13"}],"version-history":[{"count":9,"href":"https:\/\/www.ecowt.li\/de\/wp-json\/wp\/v2\/pages\/13\/revisions"}],"predecessor-version":[{"id":569,"href":"https:\/\/www.ecowt.li\/de\/wp-json\/wp\/v2\/pages\/13\/revisions\/569"}],"wp:attachment":[{"href":"https:\/\/www.ecowt.li\/de\/wp-json\/wp\/v2\/media?parent=13"}],"curies":[{"name":"wp","href":"https:\/\/api.w.org\/{rel}","templated":true}]}}