{"id":12,"date":"2021-02-22T08:03:22","date_gmt":"2021-02-22T08:03:22","guid":{"rendered":"https:\/\/www.ecowt.li\/dienstleistungen\/"},"modified":"2021-02-22T16:06:48","modified_gmt":"2021-02-22T16:06:48","slug":"dienstleistungen","status":"publish","type":"page","link":"https:\/\/www.ecowt.li\/de\/dienstleistungen\/","title":{"rendered":"Dienstleistungen"},"content":{"rendered":"\t\t<div data-elementor-type=\"wp-page\" data-elementor-id=\"12\" class=\"elementor elementor-12\" data-elementor-post-type=\"page\">\n\t\t\t\t\t\t<section class=\"elementor-section elementor-top-section elementor-element elementor-element-fe66403 elementor-section-content-middle elementor-section-boxed elementor-section-height-default elementor-section-height-default\" data-id=\"fe66403\" data-element_type=\"section\" data-e-type=\"section\" data-settings=\"{&quot;background_background&quot;:&quot;classic&quot;}\">\n\t\t\t\t\t\t<div class=\"elementor-container elementor-column-gap-wide\">\n\t\t\t\t\t<div class=\"elementor-column elementor-col-50 elementor-top-column elementor-element elementor-element-7c79c15\" data-id=\"7c79c15\" data-element_type=\"column\" data-e-type=\"column\">\n\t\t\t<div class=\"elementor-widget-wrap elementor-element-populated\">\n\t\t\t\t\t\t<section class=\"elementor-section elementor-inner-section elementor-element elementor-element-19fb8b3 elementor-section-boxed elementor-section-height-default elementor-section-height-default\" data-id=\"19fb8b3\" data-element_type=\"section\" data-e-type=\"section\" data-settings=\"{&quot;background_background&quot;:&quot;classic&quot;}\">\n\t\t\t\t\t\t\t<div class=\"elementor-background-overlay\"><\/div>\n\t\t\t\t\t\t\t<div class=\"elementor-container elementor-column-gap-default\">\n\t\t\t\t\t<div class=\"elementor-column elementor-col-100 elementor-inner-column elementor-element elementor-element-995299f\" data-id=\"995299f\" data-element_type=\"column\" data-e-type=\"column\">\n\t\t\t<div class=\"elementor-widget-wrap elementor-element-populated\">\n\t\t\t\t\t\t<div class=\"elementor-element elementor-element-deec44b elementor-widget elementor-widget-spacer\" data-id=\"deec44b\" data-element_type=\"widget\" data-e-type=\"widget\" data-widget_type=\"spacer.default\">\n\t\t\t\t<div class=\"elementor-widget-container\">\n\t\t\t\t\t\t\t<div class=\"elementor-spacer\">\n\t\t\t<div class=\"elementor-spacer-inner\"><\/div>\n\t\t<\/div>\n\t\t\t\t\t\t<\/div>\n\t\t\t\t<\/div>\n\t\t\t\t\t<\/div>\n\t\t<\/div>\n\t\t\t\t\t<\/div>\n\t\t<\/section>\n\t\t\t\t\t<\/div>\n\t\t<\/div>\n\t\t\t\t<div class=\"elementor-column elementor-col-50 elementor-top-column elementor-element elementor-element-4bf72a1\" data-id=\"4bf72a1\" data-element_type=\"column\" data-e-type=\"column\">\n\t\t\t<div class=\"elementor-widget-wrap elementor-element-populated\">\n\t\t\t\t\t\t<div class=\"elementor-element elementor-element-1d520d1 elementor-widget elementor-widget-heading\" data-id=\"1d520d1\" data-element_type=\"widget\" data-e-type=\"widget\" data-widget_type=\"heading.default\">\n\t\t\t\t<div class=\"elementor-widget-container\">\n\t\t\t\t\t<h1 class=\"elementor-heading-title elementor-size-default\">Unsere<br>Dienstleistungen<\/h1>\t\t\t\t<\/div>\n\t\t\t\t<\/div>\n\t\t\t\t<div class=\"elementor-element elementor-element-dc63671 elementor-widget elementor-widget-text-editor\" data-id=\"dc63671\" data-element_type=\"widget\" data-e-type=\"widget\" data-widget_type=\"text-editor.default\">\n\t\t\t\t<div class=\"elementor-widget-container\">\n\t\t\t\t\t\t\t\t\t<p><strong>Eco Wirtschaftstreuhand Anstalt wurde im Jahr 2006 gegr\u00fcndet.<\/strong><\/p><p>Als voll konzessioniertes Treuhandunternehmen erbringen wir zahlreiche Dienstleistungen f\u00fcr unsere \u00fcberwiegend Liechtensteinischen Kunden.<\/p>\t\t\t\t\t\t\t\t<\/div>\n\t\t\t\t<\/div>\n\t\t\t\t\t<\/div>\n\t\t<\/div>\n\t\t\t\t\t<\/div>\n\t\t<\/section>\n\t\t\t\t<section class=\"elementor-section elementor-top-section elementor-element elementor-element-748e994 elementor-section-boxed elementor-section-height-default elementor-section-height-default\" data-id=\"748e994\" data-element_type=\"section\" data-e-type=\"section\" data-settings=\"{&quot;shape_divider_top&quot;:&quot;arrow&quot;}\">\n\t\t\t\t\t<div class=\"elementor-shape elementor-shape-top\" aria-hidden=\"true\" data-negative=\"false\">\n\t\t\t<svg xmlns=\"http:\/\/www.w3.org\/2000\/svg\" viewBox=\"0 0 700 10\" preserveAspectRatio=\"none\">\n\t<path class=\"elementor-shape-fill\" d=\"M350,10L340,0h20L350,10z\"\/>\n<\/svg>\t\t<\/div>\n\t\t\t\t\t<div class=\"elementor-container elementor-column-gap-wide\">\n\t\t\t\t\t<div class=\"elementor-column elementor-col-50 elementor-top-column elementor-element elementor-element-06af51d\" data-id=\"06af51d\" data-element_type=\"column\" data-e-type=\"column\">\n\t\t\t<div class=\"elementor-widget-wrap elementor-element-populated\">\n\t\t\t\t\t\t<div class=\"elementor-element elementor-element-5a56f9b elementor-widget elementor-widget-text-editor\" data-id=\"5a56f9b\" data-element_type=\"widget\" data-e-type=\"widget\" data-widget_type=\"text-editor.default\">\n\t\t\t\t<div class=\"elementor-widget-container\">\n\t\t\t\t\t\t\t\t\t<ul><li>Gr\u00fcndung t\u00e4tiger Gesellschaften, Einholung der Gewerbebewilligung<\/li><li>Buchhaltung, Bilanzierung, Erstellung der Jahresrechnung nach PGR<\/li><li>Lohnverrechnung und Lohnbuchhaltung, laufende Abrechnungen f\u00fcr AHV, Steuerverwaltung etc., Grenzg\u00e4ngermeldungen<\/li><li>Administration des Zahlungsverkehrs<\/li><li>Steuerberatung, Erstellen der j\u00e4hrlichen Steuererkl\u00e4rungen sowie der laufenden Mehrwertsteuerabrechnungen<\/li><li>Revisionsstellent\u00e4tigkeit<\/li><li>Rechtsberatung und Finanzberatung<\/li><\/ul>\t\t\t\t\t\t\t\t<\/div>\n\t\t\t\t<\/div>\n\t\t\t\t\t<\/div>\n\t\t<\/div>\n\t\t\t\t<div class=\"elementor-column elementor-col-50 elementor-top-column elementor-element elementor-element-383ee49\" data-id=\"383ee49\" data-element_type=\"column\" data-e-type=\"column\">\n\t\t\t<div class=\"elementor-widget-wrap elementor-element-populated\">\n\t\t\t\t\t\t<div class=\"elementor-element elementor-element-53cd949 elementor-widget elementor-widget-text-editor\" data-id=\"53cd949\" data-element_type=\"widget\" data-e-type=\"widget\" data-widget_type=\"text-editor.default\">\n\t\t\t\t<div class=\"elementor-widget-container\">\n\t\t\t\t\t\t\t\t\t<p>In diesem Rahmen bieten wir unseren Kunden langfristig individuelle und effiziente L\u00f6sungen f\u00fcr s\u00e4mtliche Fragen der Unternehmensgr\u00fcndung und -f\u00fchrung.<\/p><p>Dabei legen wir ebenso grossen Wert auf h\u00f6chste Qualit\u00e4t unserer Leistung wie auch auf eine offene Kommunikation und uneingeschr\u00e4nkte Transparenz unseren Kunden gegen\u00fcber.<\/p><p>Unser kompetentes\u00a0<a href=\"https:\/\/www.ecowt.li\/ueber-uns\/\">Team<\/a>, derzeit bestehend aus 4 Mitarbeitern, arbeitet praxisorientiert und flexibel je nach Bedarf unserer Kunden.<\/p><p>Wenn gew\u00fcnscht, erledigen wir alle Arbeiten auch direkt vor Ort im jeweiligen Unternehmen unserer Kunden.<\/p>\t\t\t\t\t\t\t\t<\/div>\n\t\t\t\t<\/div>\n\t\t\t\t\t<\/div>\n\t\t<\/div>\n\t\t\t\t\t<\/div>\n\t\t<\/section>\n\t\t\t\t<\/div>\n\t\t","protected":false},"excerpt":{"rendered":"<p>UnsereDienstleistungen Eco Wirtschaftstreuhand Anstalt wurde im Jahr 2006 gegr\u00fcndet. Als voll konzessioniertes Treuhandunternehmen erbringen wir zahlreiche Dienstleistungen f\u00fcr unsere \u00fcberwiegend Liechtensteinischen Kunden. Gr\u00fcndung t\u00e4tiger Gesellschaften, Einholung der Gewerbebewilligung Buchhaltung, Bilanzierung, Erstellung der Jahresrechnung nach PGR Lohnverrechnung und Lohnbuchhaltung, laufende Abrechnungen f\u00fcr AHV, Steuerverwaltung etc., Grenzg\u00e4ngermeldungen Administration des Zahlungsverkehrs Steuerberatung, Erstellen der j\u00e4hrlichen Steuererkl\u00e4rungen sowie der [&hellip;]<\/p>\n","protected":false},"author":1,"featured_media":0,"parent":0,"menu_order":1,"comment_status":"closed","ping_status":"closed","template":"","meta":{"_seopress_robots_primary_cat":"","_seopress_titles_title":"Dienstleistungen Eco Wirtschaftstreuhand Anstalt, Vaduz, Liechtenstein","_seopress_titles_desc":"Eco Wirtschaftstreuhand Anstalt ist ein voll konzessioniertes Treuhandunternehmen in Liechtenstein.","_seopress_robots_index":"","site-sidebar-layout":"no-sidebar","site-content-layout":"page-builder","ast-site-content-layout":"default","site-content-style":"default","site-sidebar-style":"default","ast-global-header-display":"","ast-banner-title-visibility":"","ast-main-header-display":"","ast-hfb-above-header-display":"","ast-hfb-below-header-display":"","ast-hfb-mobile-header-display":"","site-post-title":"disabled","ast-breadcrumbs-content":"","ast-featured-img":"disabled","footer-sml-layout":"","ast-disable-related-posts":"","theme-transparent-header-meta":"","adv-header-id-meta":"","stick-header-meta":"","header-above-stick-meta":"","header-main-stick-meta":"","header-below-stick-meta":"","astra-migrate-meta-layouts":"default","ast-page-background-enabled":"default","ast-page-background-meta":{"desktop":{"background-color":"","background-image":"","background-repeat":"repeat","background-position":"center center","background-size":"auto","background-attachment":"scroll","background-type":"","background-media":"","overlay-type":"","overlay-color":"","overlay-opacity":"","overlay-gradient":""},"tablet":{"background-color":"","background-image":"","background-repeat":"repeat","background-position":"center center","background-size":"auto","background-attachment":"scroll","background-type":"","background-media":"","overlay-type":"","overlay-color":"","overlay-opacity":"","overlay-gradient":""},"mobile":{"background-color":"","background-image":"","background-repeat":"repeat","background-position":"center center","background-size":"auto","background-attachment":"scroll","background-type":"","background-media":"","overlay-type":"","overlay-color":"","overlay-opacity":"","overlay-gradient":""}},"ast-content-background-meta":{"desktop":{"background-color":"var(--ast-global-color-5)","background-image":"","background-repeat":"repeat","background-position":"center center","background-size":"auto","background-attachment":"scroll","background-type":"","background-media":"","overlay-type":"","overlay-color":"","overlay-opacity":"","overlay-gradient":""},"tablet":{"background-color":"var(--ast-global-color-5)","background-image":"","background-repeat":"repeat","background-position":"center center","background-size":"auto","background-attachment":"scroll","background-type":"","background-media":"","overlay-type":"","overlay-color":"","overlay-opacity":"","overlay-gradient":""},"mobile":{"background-color":"var(--ast-global-color-5)","background-image":"","background-repeat":"repeat","background-position":"center center","background-size":"auto","background-attachment":"scroll","background-type":"","background-media":"","overlay-type":"","overlay-color":"","overlay-opacity":"","overlay-gradient":""}},"footnotes":""},"class_list":["post-12","page","type-page","status-publish","hentry"],"_links":{"self":[{"href":"https:\/\/www.ecowt.li\/de\/wp-json\/wp\/v2\/pages\/12","targetHints":{"allow":["GET"]}}],"collection":[{"href":"https:\/\/www.ecowt.li\/de\/wp-json\/wp\/v2\/pages"}],"about":[{"href":"https:\/\/www.ecowt.li\/de\/wp-json\/wp\/v2\/types\/page"}],"author":[{"embeddable":true,"href":"https:\/\/www.ecowt.li\/de\/wp-json\/wp\/v2\/users\/1"}],"replies":[{"embeddable":true,"href":"https:\/\/www.ecowt.li\/de\/wp-json\/wp\/v2\/comments?post=12"}],"version-history":[{"count":0,"href":"https:\/\/www.ecowt.li\/de\/wp-json\/wp\/v2\/pages\/12\/revisions"}],"wp:attachment":[{"href":"https:\/\/www.ecowt.li\/de\/wp-json\/wp\/v2\/media?parent=12"}],"curies":[{"name":"wp","href":"https:\/\/api.w.org\/{rel}","templated":true}]}}